{"id":8564,"date":"2022-07-07T14:18:57","date_gmt":"2022-07-07T14:18:57","guid":{"rendered":"https:\/\/awequipamientos.com\/new\/?post_type=product&#038;p=8564"},"modified":"2024-04-12T15:35:52","modified_gmt":"2024-04-12T15:35:52","slug":"sacacorcho-automatico","status":"publish","type":"product","link":"https:\/\/awequipamientos.com\/new\/index.php\/producto\/sacacorcho-automatico\/","title":{"rendered":"Sacacorcho Automatico"},"content":{"rendered":"<p>Sacacorchos autom\u00e1tico Vonne recargable USB<\/p>\n<p>Material: aluminio, policarbonato y tefl\u00f3n<br \/>\nBot\u00f3n de descorche y bot\u00f3n para expulsi\u00f3n de corcho<br \/>\nFuente de alimentaci\u00f3n: 4 pilas recargables Ni-Cd 700 mAh<br \/>\nTiempo de carga: 4 h<br \/>\nCapacidad de descorche por carga: 80 botellas<br \/>\nAccesorios incluidos: cortac\u00e1psula, tap\u00f3n de vac\u00edo, vertedor con oxigenador y cable USB<br \/>\nMedidas: 25 cm \u00d7 4,5 cm<br \/>\nMedidas de la caja de presentaci\u00f3n: 28,5 cm \u00d7 16 cm \u00d7 6 cm<br \/>\nPeso: 723 g<br \/>\nOrigen: China<\/p>\n","protected":false},"excerpt":{"rendered":"<p>Sacacorchos autom\u00e1tico Vonne recargable USB<br \/>\nMaterial: aluminio, policarbonato y tefl\u00f3n<br \/>\nBot\u00f3n de descorche y bot\u00f3n para expulsi\u00f3n de corcho<\/p>\n","protected":false},"featured_media":8565,"template":"","meta":{"_acf_changed":false},"pwb-brand":[72],"product_cat":[74,20],"product_tag":[],"class_list":{"0":"post-8564","1":"product","2":"type-product","3":"status-publish","4":"has-post-thumbnail","6":"pwb-brand-vonne","7":"product_cat-articulos-mesa","8":"product_cat-bazar","10":"first","11":"outofstock","12":"shipping-taxable","13":"purchasable","14":"product-type-simple"},"acf":[],"brands":[{"id":72,"name":"Vonne","slug":"vonne"}],"_links":{"self":[{"href":"https:\/\/awequipamientos.com\/new\/index.php\/wp-json\/wp\/v2\/product\/8564","targetHints":{"allow":["GET"]}}],"collection":[{"href":"https:\/\/awequipamientos.com\/new\/index.php\/wp-json\/wp\/v2\/product"}],"about":[{"href":"https:\/\/awequipamientos.com\/new\/index.php\/wp-json\/wp\/v2\/types\/product"}],"version-history":[{"count":1,"href":"https:\/\/awequipamientos.com\/new\/index.php\/wp-json\/wp\/v2\/product\/8564\/revisions"}],"predecessor-version":[{"id":8568,"href":"https:\/\/awequipamientos.com\/new\/index.php\/wp-json\/wp\/v2\/product\/8564\/revisions\/8568"}],"wp:featuredmedia":[{"embeddable":true,"href":"https:\/\/awequipamientos.com\/new\/index.php\/wp-json\/wp\/v2\/media\/8565"}],"wp:attachment":[{"href":"https:\/\/awequipamientos.com\/new\/index.php\/wp-json\/wp\/v2\/media?parent=8564"}],"wp:term":[{"taxonomy":"pwb-brand","embeddable":true,"href":"https:\/\/awequipamientos.com\/new\/index.php\/wp-json\/wp\/v2\/pwb-brand?post=8564"},{"taxonomy":"product_cat","embeddable":true,"href":"https:\/\/awequipamientos.com\/new\/index.php\/wp-json\/wp\/v2\/product_cat?post=8564"},{"taxonomy":"product_tag","embeddable":true,"href":"https:\/\/awequipamientos.com\/new\/index.php\/wp-json\/wp\/v2\/product_tag?post=8564"}],"curies":[{"name":"wp","href":"https:\/\/api.w.org\/{rel}","templated":true}]}}