{"id":8617,"date":"2022-07-20T14:20:03","date_gmt":"2022-07-20T14:20:03","guid":{"rendered":"https:\/\/awequipamientos.com\/new\/?post_type=product&#038;p=8617"},"modified":"2024-04-12T15:40:44","modified_gmt":"2024-04-12T15:40:44","slug":"picadora-de-ajo-cebolla-cortador-manual","status":"publish","type":"product","link":"https:\/\/awequipamientos.com\/new\/index.php\/producto\/picadora-de-ajo-cebolla-cortador-manual\/","title":{"rendered":"Picadora De Ajo Cebolla Cortador Manual"},"content":{"rendered":"<p>Cortador de cebolla multifuncional, cortador de cocina para ajo y cebolla, creativo, Manual.<br \/>\nEl Cortador manual de alimentos est\u00e1 equipado cuchillas de acero inoxidable, lo que ayuda a cortar m\u00e1s f\u00e1cilmente con menos esfuerzo. Solo tienes que pulsar 10-15 segundos, entonces todo se har\u00e1, ahorrarte m\u00e1s tiempo y energ\u00eda.<br \/>\nNo toque las cuchillas mientras opera el picador. Cortar en el recipiente de sellado es ideal para evitar la irritaci\u00f3n de cebolla y ajo en los ojos y la piel.<br \/>\nEste picador de alimentos es ideal para picar y mezclar, perfecto para cebolla, ajo, verduras, pesto, nueces, huevo y m\u00e1s.<br \/>\nFuncionando sin electricidad, este Cortador manual de alimentos es ideal para cocinas peque\u00f1as, viajes y camping.<br \/>\nLa picadora de alimentos se puede desmontar para facilitar la limpieza. Puedes terminar de limpiarlo r\u00e1pidamente. El dise\u00f1o compacto permite ahorrar espacio, no importa en casa o al aire libre que puedas poner el cortador de verduras en cualquier lugar.<br \/>\nMecanismo manual<br \/>\nHoja de acero inoxidable de corte vertical<br \/>\nMedidas: 7 cm \u00d7 16 cm<\/p>\n","protected":false},"excerpt":{"rendered":"<div>Largo x Ancho: 15 cm x 7 cm<\/div>\n<div>Material del cuerpo: Pl\u00e1stico<\/div>\n<div>Material de la hoja: Acero inoxidable<\/div>\n<div>Con cuchillas intercambiables: No<\/div>\n","protected":false},"featured_media":8621,"template":"","meta":{"_acf_changed":false},"pwb-brand":[72],"product_cat":[73,20],"product_tag":[],"class_list":{"0":"post-8617","1":"product","2":"type-product","3":"status-publish","4":"has-post-thumbnail","6":"pwb-brand-vonne","7":"product_cat-articulos-cocina","8":"product_cat-bazar","10":"first","11":"outofstock","12":"shipping-taxable","13":"purchasable","14":"product-type-simple"},"acf":[],"brands":[{"id":72,"name":"Vonne","slug":"vonne"}],"_links":{"self":[{"href":"https:\/\/awequipamientos.com\/new\/index.php\/wp-json\/wp\/v2\/product\/8617","targetHints":{"allow":["GET"]}}],"collection":[{"href":"https:\/\/awequipamientos.com\/new\/index.php\/wp-json\/wp\/v2\/product"}],"about":[{"href":"https:\/\/awequipamientos.com\/new\/index.php\/wp-json\/wp\/v2\/types\/product"}],"version-history":[{"count":1,"href":"https:\/\/awequipamientos.com\/new\/index.php\/wp-json\/wp\/v2\/product\/8617\/revisions"}],"predecessor-version":[{"id":8622,"href":"https:\/\/awequipamientos.com\/new\/index.php\/wp-json\/wp\/v2\/product\/8617\/revisions\/8622"}],"wp:featuredmedia":[{"embeddable":true,"href":"https:\/\/awequipamientos.com\/new\/index.php\/wp-json\/wp\/v2\/media\/8621"}],"wp:attachment":[{"href":"https:\/\/awequipamientos.com\/new\/index.php\/wp-json\/wp\/v2\/media?parent=8617"}],"wp:term":[{"taxonomy":"pwb-brand","embeddable":true,"href":"https:\/\/awequipamientos.com\/new\/index.php\/wp-json\/wp\/v2\/pwb-brand?post=8617"},{"taxonomy":"product_cat","embeddable":true,"href":"https:\/\/awequipamientos.com\/new\/index.php\/wp-json\/wp\/v2\/product_cat?post=8617"},{"taxonomy":"product_tag","embeddable":true,"href":"https:\/\/awequipamientos.com\/new\/index.php\/wp-json\/wp\/v2\/product_tag?post=8617"}],"curies":[{"name":"wp","href":"https:\/\/api.w.org\/{rel}","templated":true}]}}