{"id":8628,"date":"2022-07-20T16:13:58","date_gmt":"2022-07-20T16:13:58","guid":{"rendered":"https:\/\/awequipamientos.com\/new\/?post_type=product&#038;p=8628"},"modified":"2024-04-12T15:41:04","modified_gmt":"2024-04-12T15:41:04","slug":"olla-a-presion-electrica-6l","status":"publish","type":"product","link":"https:\/\/awequipamientos.com\/new\/index.php\/producto\/olla-a-presion-electrica-6l\/","title":{"rendered":"Olla a Presi\u00f3n El\u00e9ctrica 6L"},"content":{"rendered":"<p>Olla el\u00e9ctrica<br \/>\nPotencia: 1000 W<br \/>\nCapacidad: 6 l<br \/>\nMedidas: 33 cm \u00d7 33 cm<br \/>\nDi\u00e1metro interno: 22 cm<br \/>\nPresi\u00f3n de trabajo: hasta 70 kPa<br \/>\nFunciones:<br \/>\n&#8211; Tiempo de inicio programable<br \/>\n&#8211; Cocci\u00f3n a presi\u00f3n alta, media y baja<br \/>\n&#8211; Mantener calor<br \/>\n&#8211; Hornear<br \/>\n&#8211; Fre\u00edr<br \/>\n&#8211; Calentar<br \/>\n&#8211; Hervir<br \/>\n&#8211; Cocci\u00f3n lenta<br \/>\nOpciones de cocci\u00f3n preestablecidas por tipo de alimento: arroz, pasta, yogur, pescado, guiso, sopa, torta, vegetales salteados<br \/>\nAjuste de tiempo y de presi\u00f3n<br \/>\nPanel de control con pantalla LCD<br \/>\nSistema de cierre de seguridad<br \/>\nSistema de detecci\u00f3n de fallas<br \/>\nV\u00e1lvula de escape de vapor<br \/>\nRecipiente interno extra\u00edble de aluminio con antiadherente<br \/>\nIncluye cuchara, vaso y manual de uso<\/p>\n","protected":false},"excerpt":{"rendered":"<p>Capacidad de tazas: 25<br \/>\nCapacidad en volumen: 6 L<br \/>\nMaterial de la tapa: Acero inoxidable<br \/>\nSistema de cocci\u00f3n: A presi\u00f3n<br \/>\nCon apagado autom\u00e1tico: S\u00ed<br \/>\nCon funci\u00f3n de mantenimiento del calor: S\u00ed<br \/>\nAccesorios incluidos: Cuchara,Manual,Vaso<\/p>\n","protected":false},"featured_media":8632,"template":"","meta":{"_acf_changed":false},"pwb-brand":[72],"product_cat":[42],"product_tag":[],"class_list":{"0":"post-8628","1":"product","2":"type-product","3":"status-publish","4":"has-post-thumbnail","6":"pwb-brand-vonne","7":"product_cat-electrodomesticos","9":"first","10":"outofstock","11":"shipping-taxable","12":"purchasable","13":"product-type-simple"},"acf":[],"brands":[{"id":72,"name":"Vonne","slug":"vonne"}],"_links":{"self":[{"href":"https:\/\/awequipamientos.com\/new\/index.php\/wp-json\/wp\/v2\/product\/8628","targetHints":{"allow":["GET"]}}],"collection":[{"href":"https:\/\/awequipamientos.com\/new\/index.php\/wp-json\/wp\/v2\/product"}],"about":[{"href":"https:\/\/awequipamientos.com\/new\/index.php\/wp-json\/wp\/v2\/types\/product"}],"version-history":[{"count":1,"href":"https:\/\/awequipamientos.com\/new\/index.php\/wp-json\/wp\/v2\/product\/8628\/revisions"}],"predecessor-version":[{"id":8633,"href":"https:\/\/awequipamientos.com\/new\/index.php\/wp-json\/wp\/v2\/product\/8628\/revisions\/8633"}],"wp:featuredmedia":[{"embeddable":true,"href":"https:\/\/awequipamientos.com\/new\/index.php\/wp-json\/wp\/v2\/media\/8632"}],"wp:attachment":[{"href":"https:\/\/awequipamientos.com\/new\/index.php\/wp-json\/wp\/v2\/media?parent=8628"}],"wp:term":[{"taxonomy":"pwb-brand","embeddable":true,"href":"https:\/\/awequipamientos.com\/new\/index.php\/wp-json\/wp\/v2\/pwb-brand?post=8628"},{"taxonomy":"product_cat","embeddable":true,"href":"https:\/\/awequipamientos.com\/new\/index.php\/wp-json\/wp\/v2\/product_cat?post=8628"},{"taxonomy":"product_tag","embeddable":true,"href":"https:\/\/awequipamientos.com\/new\/index.php\/wp-json\/wp\/v2\/product_tag?post=8628"}],"curies":[{"name":"wp","href":"https:\/\/api.w.org\/{rel}","templated":true}]}}