{"id":8645,"date":"2022-07-22T00:13:17","date_gmt":"2022-07-22T00:13:17","guid":{"rendered":"https:\/\/awequipamientos.com\/new\/?post_type=product&#038;p=8645"},"modified":"2024-04-12T15:44:59","modified_gmt":"2024-04-12T15:44:59","slug":"sandwichera-5-en-1-multifuncion-peabody-700-w","status":"publish","type":"product","link":"https:\/\/awequipamientos.com\/new\/index.php\/producto\/sandwichera-5-en-1-multifuncion-peabody-700-w\/","title":{"rendered":"Sandwichera 5 En 1 Multifuncion Peabody 700 W"},"content":{"rendered":"<p>SANDWICHERA MULTIFUNCI\u00d3N 5 en 1, 700 W &#8211; PEABODY<\/p>\n<p>La sandwichera PE-SW6141 es perfecta para innovar con recetas originales para el desayuno, almuerzo o merienda. Cuenta con placas antiadherentes intercambiables, lo que te permite adaptarlas seg\u00fan el tipo de comida, como sandwich, waffles, plancha, grill u omelettes, y evitar que cualquier alimento se pegue sobre la superficie. Gracias a su indicadores luminosos de encendido y temperatura, podr\u00e1s saber cu\u00e1ndo est\u00e1 lista para usar, con la temperatura justa. Adem\u00e1s, es un aliado perfecto en la cocina ya que es s\u00faper segura: posee manijas fr\u00edas al tacto y traba de seguridad, lo que te permitir\u00e1 manipularla sin problemas.<\/p>\n<p>&#8211; Color: Blanco<\/p>\n<p>Usos y funciones<br \/>\n&#8212;&#8212;&#8212;&#8212;&#8212;&#8212;&#8211;<br \/>\n&#8211; Placas de cocci\u00f3n antiadherentes intercambiables: para que puedas adaptarlas seg\u00fan el tipo de comida, en 5 variedades, y sin que se peguen los alimientos sobre la superficie<br \/>\n&#8211; Indicador de encendido: para alertar cuando la sandwichera est\u00e9 en uso<br \/>\n&#8211; Indicador de temperatura: ideal para saber cu\u00e1l es la temperatura interior de la sandwichera<br \/>\n&#8211; Manijas con traba: para evitar accidentes; incluso, se mantiene fr\u00edas cuando la sandwichera se est\u00e1 usando<\/p>\n<p>Caracter\u00edsticas<br \/>\n&#8212;&#8212;&#8212;&#8212;&#8212;&#8212;&#8212;-<br \/>\n&#8211; Potencia: 700 W<br \/>\n&#8211; Modelo: PE-SW6141<br \/>\n&#8211; Color: Blanco<br \/>\n&#8211; Origen: China<br \/>\n&#8211; Garant\u00eda: 12 meses<\/p>\n<p>Limpieza y mantenimiento<br \/>\n&#8212;&#8212;&#8212;&#8212;&#8212;&#8212;&#8212;&#8212;&#8212;&#8211;<br \/>\n&#8211; Limpi\u00e1 el interior y la parte externa con un pa\u00f1o h\u00famedo<br \/>\n&#8211; Evit\u00e1 el uso de productos de limpieza abrasivos u obtejos met\u00e1licos sobre las placas de cocci\u00f3n que puedan da\u00f1ar la superficie<\/p>\n","protected":false},"excerpt":{"rendered":"<p>Potencia: 700 W<br \/>\nTipos de placas: Para waffles,para sandwiches,Para omelettes,para grill,plancha<br \/>\nTipo de alimentaci\u00f3n: El\u00e9ctrica<br \/>\nCon superficie antiadherente: S\u00ed<\/p>\n","protected":false},"featured_media":8654,"template":"","meta":{"_acf_changed":false},"pwb-brand":[75],"product_cat":[73,20],"product_tag":[],"class_list":{"0":"post-8645","1":"product","2":"type-product","3":"status-publish","4":"has-post-thumbnail","6":"pwb-brand-peabody","7":"product_cat-articulos-cocina","8":"product_cat-bazar","10":"first","11":"outofstock","12":"shipping-taxable","13":"purchasable","14":"product-type-simple"},"acf":[],"brands":[{"id":75,"name":"Peabody","slug":"peabody"}],"_links":{"self":[{"href":"https:\/\/awequipamientos.com\/new\/index.php\/wp-json\/wp\/v2\/product\/8645","targetHints":{"allow":["GET"]}}],"collection":[{"href":"https:\/\/awequipamientos.com\/new\/index.php\/wp-json\/wp\/v2\/product"}],"about":[{"href":"https:\/\/awequipamientos.com\/new\/index.php\/wp-json\/wp\/v2\/types\/product"}],"version-history":[{"count":1,"href":"https:\/\/awequipamientos.com\/new\/index.php\/wp-json\/wp\/v2\/product\/8645\/revisions"}],"predecessor-version":[{"id":8655,"href":"https:\/\/awequipamientos.com\/new\/index.php\/wp-json\/wp\/v2\/product\/8645\/revisions\/8655"}],"wp:featuredmedia":[{"embeddable":true,"href":"https:\/\/awequipamientos.com\/new\/index.php\/wp-json\/wp\/v2\/media\/8654"}],"wp:attachment":[{"href":"https:\/\/awequipamientos.com\/new\/index.php\/wp-json\/wp\/v2\/media?parent=8645"}],"wp:term":[{"taxonomy":"pwb-brand","embeddable":true,"href":"https:\/\/awequipamientos.com\/new\/index.php\/wp-json\/wp\/v2\/pwb-brand?post=8645"},{"taxonomy":"product_cat","embeddable":true,"href":"https:\/\/awequipamientos.com\/new\/index.php\/wp-json\/wp\/v2\/product_cat?post=8645"},{"taxonomy":"product_tag","embeddable":true,"href":"https:\/\/awequipamientos.com\/new\/index.php\/wp-json\/wp\/v2\/product_tag?post=8645"}],"curies":[{"name":"wp","href":"https:\/\/api.w.org\/{rel}","templated":true}]}}