{"id":8689,"date":"2022-07-26T21:39:07","date_gmt":"2022-07-26T21:39:07","guid":{"rendered":"https:\/\/awequipamientos.com\/new\/?post_type=product&#038;p=8689"},"modified":"2024-04-12T15:53:45","modified_gmt":"2024-04-12T15:53:45","slug":"microondas-sansumg-black","status":"publish","type":"product","link":"https:\/\/awequipamientos.com\/new\/index.php\/producto\/microondas-sansumg-black\/","title":{"rendered":"Microondas Sansumg Black"},"content":{"rendered":"<p>No pierdas tiempo en la cocina. En simples pasos, pod\u00e9s disfrutar de tus comidas favoritas gracias a la tecnolog\u00eda y evoluci\u00f3n de Samsung. El mismo cuenta con recetas preprogramadas para tu comodidad. Cocina f\u00e1cilmente todo, desde arroz integral hasta pechuga de pollo deshuesada y filetes de salm\u00f3n a la parrilla, con la garant\u00eda de que el resultado ser\u00e1 comida fresca y sabrosa.<\/p>\n<p>Variedad de funciones y programas<br \/>\nSu funci\u00f3n de grill permite dorar los alimentos para que queden crocantes, ideal para pizzas, empanadas y tartas. Para destacar, este microondas cuenta con 6 diferentes niveles de cocci\u00f3n y programas. Disfrut\u00e1 todas tus comidas con m\u00ednimo esfuerzo y m\u00e1ximo sabor.<\/p>\n<p>Dise\u00f1o innovador y accesorios<br \/>\nLa libertad es absoluta, ya que podr\u00e1s llevarlo adonde desees cuando te mudes.<br \/>\nSu display te permitir\u00e1 ser m\u00e1s preciso al momento de seleccionar el tipo de comida, configurar el tiempo y la funci\u00f3n para cocinar.<\/p>\n<p>Adem\u00e1s, presenta un excelente sistema de seguridad con traba especial para las personas m\u00e1s peque\u00f1as de la familia.<\/p>\n<p>Capacidad y eficiencia<br \/>\nCon un volumen de 23 litros vas a poder disfrutar comidas para compartir con tus amistades y familiares.<br \/>\nOfrece una potencia m\u00e1xima de 800 watts que se puede regular en diferentes niveles seg\u00fan el tipo de alimento, por ejemplo, para evitar que se resequen algunos platos m\u00e1s delicados como la pasta. Con su f\u00e1cil uso, podr\u00e1s seleccionar y programar de manera pr\u00e1ctica.<\/p>\n<p>Lo hace todo por vos<br \/>\nSolo debes colocar el peso de los alimentos y el microondas autom\u00e1ticamente programar\u00e1 el tiempo necesario para que el mismo se descongele.<\/p>\n","protected":false},"excerpt":{"rendered":"<p>Potencia de 800w.<br \/>\nPotencia de grill de 1050w.<br \/>\nDisplay digital.<br \/>\nDimensiones: 489mm de ancho, 275mm de alto, 392mm de profundidad.<br \/>\nEncontr\u00e1 en sus 25 programas la funci\u00f3n indicada para tus comidas.<\/p>\n","protected":false},"featured_media":8691,"template":"","meta":{"_acf_changed":false},"pwb-brand":[84],"product_cat":[42],"product_tag":[],"class_list":{"0":"post-8689","1":"product","2":"type-product","3":"status-publish","4":"has-post-thumbnail","6":"pwb-brand-samsung","7":"product_cat-electrodomesticos","9":"first","10":"outofstock","11":"shipping-taxable","12":"purchasable","13":"product-type-simple"},"acf":[],"brands":[{"id":84,"name":"Samsung","slug":"samsung"}],"_links":{"self":[{"href":"https:\/\/awequipamientos.com\/new\/index.php\/wp-json\/wp\/v2\/product\/8689","targetHints":{"allow":["GET"]}}],"collection":[{"href":"https:\/\/awequipamientos.com\/new\/index.php\/wp-json\/wp\/v2\/product"}],"about":[{"href":"https:\/\/awequipamientos.com\/new\/index.php\/wp-json\/wp\/v2\/types\/product"}],"version-history":[{"count":1,"href":"https:\/\/awequipamientos.com\/new\/index.php\/wp-json\/wp\/v2\/product\/8689\/revisions"}],"predecessor-version":[{"id":8692,"href":"https:\/\/awequipamientos.com\/new\/index.php\/wp-json\/wp\/v2\/product\/8689\/revisions\/8692"}],"wp:featuredmedia":[{"embeddable":true,"href":"https:\/\/awequipamientos.com\/new\/index.php\/wp-json\/wp\/v2\/media\/8691"}],"wp:attachment":[{"href":"https:\/\/awequipamientos.com\/new\/index.php\/wp-json\/wp\/v2\/media?parent=8689"}],"wp:term":[{"taxonomy":"pwb-brand","embeddable":true,"href":"https:\/\/awequipamientos.com\/new\/index.php\/wp-json\/wp\/v2\/pwb-brand?post=8689"},{"taxonomy":"product_cat","embeddable":true,"href":"https:\/\/awequipamientos.com\/new\/index.php\/wp-json\/wp\/v2\/product_cat?post=8689"},{"taxonomy":"product_tag","embeddable":true,"href":"https:\/\/awequipamientos.com\/new\/index.php\/wp-json\/wp\/v2\/product_tag?post=8689"}],"curies":[{"name":"wp","href":"https:\/\/api.w.org\/{rel}","templated":true}]}}