{"id":8697,"date":"2022-07-26T23:30:54","date_gmt":"2022-07-26T23:30:54","guid":{"rendered":"https:\/\/awequipamientos.com\/new\/?post_type=product&#038;p=8697"},"modified":"2024-04-12T15:54:13","modified_gmt":"2024-04-12T15:54:13","slug":"barra-imantada-38cm","status":"publish","type":"product","link":"https:\/\/awequipamientos.com\/new\/index.php\/producto\/barra-imantada-38cm\/","title":{"rendered":"Barra Imantada 38cm"},"content":{"rendered":"<p>El soporte magn\u00e9tico para cuchillos est\u00e1 hecho de acero inoxidable e im\u00e1n fuerte. Limpio y elegante que har\u00e1 que tu cocina sea m\u00e1s ordenada con un toque profesional, dando un estilo bastante interesante.<\/p>\n<p>Es de muy f\u00e1cil instalaci\u00f3n, adecuado para superficies lisas, como azulejos, superficies de cristal, superficies de metal lisas. No es necesario destruir azulejos, vidrio o superficie de metal.<\/p>\n","protected":false},"excerpt":{"rendered":"<p>Pr\u00e1ctica barra soporte porta cuchillos.<br \/>\nTama\u00f1o: 38 Cm.<\/p>\n","protected":false},"featured_media":8702,"template":"","meta":{"_acf_changed":false},"pwb-brand":[85],"product_cat":[73,20],"product_tag":[],"class_list":{"0":"post-8697","1":"product","2":"type-product","3":"status-publish","4":"has-post-thumbnail","6":"pwb-brand-arifernic","7":"product_cat-articulos-cocina","8":"product_cat-bazar","10":"first","11":"outofstock","12":"shipping-taxable","13":"purchasable","14":"product-type-simple"},"acf":[],"brands":[{"id":85,"name":"Arifernic","slug":"arifernic"}],"_links":{"self":[{"href":"https:\/\/awequipamientos.com\/new\/index.php\/wp-json\/wp\/v2\/product\/8697","targetHints":{"allow":["GET"]}}],"collection":[{"href":"https:\/\/awequipamientos.com\/new\/index.php\/wp-json\/wp\/v2\/product"}],"about":[{"href":"https:\/\/awequipamientos.com\/new\/index.php\/wp-json\/wp\/v2\/types\/product"}],"version-history":[{"count":1,"href":"https:\/\/awequipamientos.com\/new\/index.php\/wp-json\/wp\/v2\/product\/8697\/revisions"}],"predecessor-version":[{"id":8703,"href":"https:\/\/awequipamientos.com\/new\/index.php\/wp-json\/wp\/v2\/product\/8697\/revisions\/8703"}],"wp:featuredmedia":[{"embeddable":true,"href":"https:\/\/awequipamientos.com\/new\/index.php\/wp-json\/wp\/v2\/media\/8702"}],"wp:attachment":[{"href":"https:\/\/awequipamientos.com\/new\/index.php\/wp-json\/wp\/v2\/media?parent=8697"}],"wp:term":[{"taxonomy":"pwb-brand","embeddable":true,"href":"https:\/\/awequipamientos.com\/new\/index.php\/wp-json\/wp\/v2\/pwb-brand?post=8697"},{"taxonomy":"product_cat","embeddable":true,"href":"https:\/\/awequipamientos.com\/new\/index.php\/wp-json\/wp\/v2\/product_cat?post=8697"},{"taxonomy":"product_tag","embeddable":true,"href":"https:\/\/awequipamientos.com\/new\/index.php\/wp-json\/wp\/v2\/product_tag?post=8697"}],"curies":[{"name":"wp","href":"https:\/\/api.w.org\/{rel}","templated":true}]}}