{"id":8810,"date":"2023-01-05T15:41:36","date_gmt":"2023-01-05T15:41:36","guid":{"rendered":"https:\/\/awequipamientos.com\/new\/?post_type=product&#038;p=8810"},"modified":"2024-04-12T15:52:16","modified_gmt":"2024-04-12T15:52:16","slug":"asadera-roja-de-hierro-fundido","status":"publish","type":"product","link":"https:\/\/awequipamientos.com\/new\/index.php\/producto\/asadera-roja-de-hierro-fundido\/","title":{"rendered":"Asadera Roja De Hierro Fundido"},"content":{"rendered":"<p>INSTRUCCIONES DE SEGURIDAD Y RECOMENDACIONES<\/p>\n<p>&#8211; Utilizar s\u00f3lo utensilios de madera, pl\u00e1stico o nylon para evitar rayar el acabado esmaltado.<br \/>\n&#8211; No utilizar esponjas de metal, utensilios de metal o limpiadores abrasivos para limpiar los recipientes de cocina, ya que con el tiempo pueden da\u00f1ar el acabado esmaltado.<br \/>\n&#8211; Asegurarse de no golpear o dejar caer los recipientes de cocina, ya que la capa de esmalte se puede astillar.<br \/>\n&#8211; No sumergir los recipientes de cocina en agua fr\u00eda cuando est\u00e9n calientes.<br \/>\n&#8211; Siempre dejar que se enfr\u00eden primero<br \/>\n&#8211; No arrastrar los recipientes de cocina a trav\u00e9s del horno o de las hornallas.<br \/>\n&#8211; Solo se puede lavar a mano de forma segura<br \/>\n&#8211; Es seguro para el uso en el horno y las hornallas<br \/>\n&#8211; No es seguro para el uso en el microondas<\/p>\n<p>INSTRUCCIONES DE USO<\/p>\n<p>Consideraciones previas al uso<br \/>\nLavar completamente con detergente y agua caliente. Secar con una toalla suave y seca. Utilizar aceite de cocina para acondicionar el recipiente.<\/p>\n<p>Resultados de cocina excelentes<\/p>\n<p>1. Dejar que los recipientes se calienten gradualmente y a fondo, para una cocci\u00f3n uniforme. Una vez que se calientan, casi toda la cocci\u00f3n puede continuar en las temperaturas m\u00e1s bajas.<\/p>\n<p>2. La temperatura alta s\u00f3lo debe utilizarse para hervir el agua o para reducir la consistencia de las salsas y caldos. Si se sobrecalientan los recipientes, puede contribuir a que los resultados de la cocci\u00f3n sean deficientes.<\/p>\n<p>3. No calentar ning\u00fan recipiente vac\u00edo ni dejar que hierva hasta secarse. Cualquiera de los dos puede causar un da\u00f1o permanente a los recipientes.<\/p>\n<p>4. Nunca colocar los recipientes en una superficie desprotegida cuando est\u00e9n calientes.<\/p>\n<p>FUENTES DE CALOR<\/p>\n<p>Los recipientes de cocci\u00f3n de hierro fundido pueden utilizarse con gas (todas las cocinas), electricidad, inducci\u00f3n, aceite, carb\u00f3n o le\u00f1a. Las superficies esmaltadas de los recipientes de cocci\u00f3n de hierro fundido no son adecuadas para la cocci\u00f3n en seco, Utilizar aceite, grasa o cualquier tipo de liquido para cubrir completamente la base antes de que comience el calentamiento.<\/p>\n<p>ADVERTENCIA: las asas se calentar\u00e1n cuando se utilicen. Siempre debe utilizar manoplas de horno, guantes o cubiertas protectoras para las manos cuando se manipulen. Mantener alejado de los ni\u00f1os. No dejarle los recipientes desatendidos. Colocarlos en una superficie plana y segura para el calor, lejos del borde<\/p>\n<p>MANTENIMIENTO<\/p>\n<p>Se recomienda solo lavar a mano de forma segura. Para limpiar los recipientes de cocina, usar agua caliente y detergente y una esponja o pa\u00f1o de pl\u00e1stico, enjuagar, secar y guardar en un lugar limpio y seco.<\/p>\n","protected":false},"excerpt":{"rendered":"<p>Material: hierro fundido esmaltado<\/p>\n<p>Medidas:<br \/>\n&#8211; Largo: 30cm<br \/>\n&#8211; Ancho: 21cm<br \/>\n&#8211; Altura: 6,6 cm<br \/>\n&#8211; Largo con asa: 36cm<br \/>\n&#8211; Espesor: 5 mm<\/p>\n<p>Medidas del asa<br \/>\n&#8211; Ancho: 2,8cm<br \/>\n&#8211; Largo: 10cm<\/p>\n<p>Capacidad: 2,5L<br \/>\nPeso: 3,3 kg<\/p>\n","protected":false},"featured_media":8814,"template":"","meta":{"_acf_changed":false},"pwb-brand":[72],"product_cat":[73,20],"product_tag":[],"class_list":{"0":"post-8810","1":"product","2":"type-product","3":"status-publish","4":"has-post-thumbnail","6":"pwb-brand-vonne","7":"product_cat-articulos-cocina","8":"product_cat-bazar","10":"first","11":"outofstock","12":"shipping-taxable","13":"purchasable","14":"product-type-simple"},"acf":[],"brands":[{"id":72,"name":"Vonne","slug":"vonne"}],"_links":{"self":[{"href":"https:\/\/awequipamientos.com\/new\/index.php\/wp-json\/wp\/v2\/product\/8810","targetHints":{"allow":["GET"]}}],"collection":[{"href":"https:\/\/awequipamientos.com\/new\/index.php\/wp-json\/wp\/v2\/product"}],"about":[{"href":"https:\/\/awequipamientos.com\/new\/index.php\/wp-json\/wp\/v2\/types\/product"}],"version-history":[{"count":3,"href":"https:\/\/awequipamientos.com\/new\/index.php\/wp-json\/wp\/v2\/product\/8810\/revisions"}],"predecessor-version":[{"id":8817,"href":"https:\/\/awequipamientos.com\/new\/index.php\/wp-json\/wp\/v2\/product\/8810\/revisions\/8817"}],"wp:featuredmedia":[{"embeddable":true,"href":"https:\/\/awequipamientos.com\/new\/index.php\/wp-json\/wp\/v2\/media\/8814"}],"wp:attachment":[{"href":"https:\/\/awequipamientos.com\/new\/index.php\/wp-json\/wp\/v2\/media?parent=8810"}],"wp:term":[{"taxonomy":"pwb-brand","embeddable":true,"href":"https:\/\/awequipamientos.com\/new\/index.php\/wp-json\/wp\/v2\/pwb-brand?post=8810"},{"taxonomy":"product_cat","embeddable":true,"href":"https:\/\/awequipamientos.com\/new\/index.php\/wp-json\/wp\/v2\/product_cat?post=8810"},{"taxonomy":"product_tag","embeddable":true,"href":"https:\/\/awequipamientos.com\/new\/index.php\/wp-json\/wp\/v2\/product_tag?post=8810"}],"curies":[{"name":"wp","href":"https:\/\/api.w.org\/{rel}","templated":true}]}}